{"id":1567,"date":"2023-06-06T14:34:06","date_gmt":"2023-06-06T12:34:06","guid":{"rendered":"https:\/\/www.elmaforge.com\/home\/"},"modified":"2023-07-05T13:23:04","modified_gmt":"2023-07-05T11:23:04","slug":"home","status":"publish","type":"page","link":"https:\/\/www.elmaforge.com\/es\/","title":{"rendered":"Home"},"content":{"rendered":"\n<div id=\"wp-block-themeisle-blocks-advanced-columns-f68a763a\" class=\"wp-block-themeisle-blocks-advanced-columns has-1-columns has-desktop-equal-layout has-tablet-equal-layout has-mobile-equal-layout has-vertical-unset\"><div class=\"wp-block-themeisle-blocks-advanced-columns-overlay\"><\/div><div class=\"innerblocks-wrap\">\n<div id=\"wp-block-themeisle-blocks-advanced-column-924b9b2b\" class=\"wp-block-themeisle-blocks-advanced-column animated fadeInDown\"><div class=\"n2_clear\"><ss3-force-full-width data-overflow-x=\"body\" data-horizontal-selector=\"body\"><div class=\"n2-section-smartslider fitvidsignore  n2_clear\" data-ssid=\"5\" tabindex=\"0\" role=\"region\" aria-label=\"Slider\"><div id=\"n2-ss-5-align\" class=\"n2-ss-align\"><div class=\"n2-padding\"><div id=\"n2-ss-5\" data-creator=\"Smart Slider 3\" data-responsive=\"fullwidth\" class=\"n2-ss-slider n2-ow n2-has-hover n2notransition  \">\n        <div class=\"n2-ss-slider-1 n2-ow\">\n            <div class=\"n2-ss-slider-2 n2-ow\">\n                <div class=\"n2-ss-slide-backgrounds n2-ow-all\"><div class=\"n2-ss-slide-background\" data-public-id=\"1\" data-mode=\"fill\"><div class=\"n2-ss-slide-background-image\" data-blur=\"0\" data-opacity=\"100\" data-x=\"36\" data-y=\"10\" data-alt=\"\" data-title=\"\" style=\"--ss-o-pos-x:36%;--ss-o-pos-y:10%\"><picture class=\"skip-lazy\" data-skip-lazy=\"1\"><img decoding=\"async\" src=\"\/\/www.elmaforge.com\/wp-content\/uploads\/slider\/cache\/956d79c0c252142981c1d983da7affe8\/sfondo_slide.png\" alt=\"\" title=\"\" loading=\"lazy\" class=\"skip-lazy\" data-skip-lazy=\"1\"><\/picture><\/div><div data-color=\"RGBA(255,255,255,0)\" style=\"background-color: RGBA(255,255,255,0);\" class=\"n2-ss-slide-background-color\"><\/div><\/div><\/div>                <div class=\"n2-ss-slider-3 n2-ow\">\n                    <svg xmlns=\"http:\/\/www.w3.org\/2000\/svg\" viewBox=\"0 0 1200 450\" data-related-device=\"desktopPortrait\" class=\"n2-ow n2-ss-preserve-size n2-ss-preserve-size--slider n2-ss-slide-limiter\"><\/svg><div data-first=\"1\" data-slide-duration=\"0\" data-id=\"6\" data-slide-public-id=\"1\" data-title=\"Slide\" class=\"n2-ss-slide n2-ow  n2-ss-slide-6\"><div role=\"note\" class=\"n2-ss-slide--focus\" tabindex=\"-1\">Slide<\/div><div class=\"n2-ss-layers-container n2-ss-slide-limiter n2-ow\"><div class=\"n2-ss-layer n2-ow n-uc-MefpuRE2PNbv\" data-sstype=\"slide\" data-pm=\"default\"><div class=\"n2-ss-layer n2-ow n-uc-8Qk3ZjydS53S\" data-pm=\"default\" data-sstype=\"content\" data-hasbackground=\"0\"><div class=\"n2-ss-section-main-content n2-ss-layer-with-background n2-ss-layer-content n2-ow n-uc-8Qk3ZjydS53S-inner\"><div class=\"n2-ss-layer n2-ow n2-ss-layer--block n2-ss-has-self-align n-uc-O86LfDeLiZc0\" data-pm=\"normal\" data-sstype=\"row\"><div class=\"n2-ss-layer-row n2-ss-layer-with-background n-uc-O86LfDeLiZc0-inner\"><div class=\"n2-ss-layer-row-inner \"><div class=\"n2-ss-layer n2-ow n-uc-AJNz8hZ0lKmt\" data-pm=\"default\" data-sstype=\"col\"><div class=\"n2-ss-layer-col n2-ss-layer-with-background n2-ss-layer-content n-uc-AJNz8hZ0lKmt-inner\"><div class=\"n2-ss-layer n2-ow n-uc-wiPoHQSkNOeu\" data-pm=\"normal\" data-sstype=\"layer\"><div id=\"n2-ss-5item1\" class=\"n2-font-334243f58306c719d539f65e844b2d88-hover n2-style-f8293b450b12ef15d5c4ff97a617a3e3-heading   n2-ss-item-content n2-ss-text n2-ow\" style=\"display:block;\">Tecnolog\u00eda &amp; Investigaci\u00f3n<\/div><\/div><div class=\"n2-ss-layer n2-ow n-uc-1xehegtylCi9\" data-pm=\"normal\" data-sstype=\"layer\"><div class=\"n2-ss-item-content n2-ss-text n2-ow-all\"><div class=\"\"><p class=\"n2-font-fcc517ab2d41dd7637802822f15025f6-paragraph  n2-style-f8293b450b12ef15d5c4ff97a617a3e3-heading  \">Nuestra producci\u00f3n inicia en el 1978 con la marca OFMA, desde entonces, gracias a un constante compromiso en la investigaci\u00f3n de servicio y fiabilidad cada vez mejores, la ELMAFORGE se volvi\u00f3 un punto de referencia internacional. Hoy exportamos en 4 continentes y 18 pa\u00edses en el mundo, para el proyecto y construcci\u00f3n de m\u00e1quinas recalcadoras el\u00e9ctricas.<\/p>\n<\/div><\/div><\/div><div class=\"n2-ss-layer n2-ow n-uc-9yTbtHbxKkUL n2-ss-layer--auto\" data-pm=\"normal\" data-sstype=\"layer\"><div class=\"n2-ss-button-container n2-ss-item-content n2-ow n2-font-0abf1cd86b1e43851abf5ab07bf039ae-link  n2-ss-nowrap n2-ss-button-container--non-full-width\"><a class=\"n2-style-f6e208d2f83fd71ef1a84b4f805a8c19-heading  n2-ow \" href=\"\/es\/productos\/\"><div><div>DESCRUBES NUESTROS PRODUCTOS<\/div><\/div><\/a><\/div><\/div><\/div><\/div><div class=\"n2-ss-layer n2-ow n-uc-ODmqOL0eE7NW\" data-pm=\"default\" data-sstype=\"col\"><div class=\"n2-ss-layer-col n2-ss-layer-with-background n2-ss-layer-content n-uc-ODmqOL0eE7NW-inner\"><div class=\"n2-ss-layer n2-ow n-uc-x3qQKvAJb8bO\" data-pm=\"normal\" data-sstype=\"layer\"><div class=\" n2-ss-item-image-content n2-ss-item-content n2-ow-all\"><img loading=\"lazy\" decoding=\"async\" id=\"n2-ss-5item4\" alt=\"\" class=\"skip-lazy\" width=\"682\" height=\"566\" data-skip-lazy=\"1\" src=\"\/\/www.elmaforge.com\/wp-content\/uploads\/2023\/06\/slide2_elmaforge.png\" \/><\/div><\/div><\/div><\/div><\/div><\/div><\/div><\/div><\/div><\/div><\/div><\/div>                <\/div>\n                            <\/div>\n        <\/div>\n        <\/div><ss3-loader><\/ss3-loader><\/div><\/div><div class=\"n2_clear\"><\/div><\/div><\/ss3-force-full-width><\/div><\/div>\n<\/div><\/div>\n\n\n\n<div id=\"wp-block-themeisle-blocks-advanced-columns-d738bad6\" class=\"wp-block-themeisle-blocks-advanced-columns alignfull has-1-columns has-desktop-equal-layout has-tablet-equal-layout has-mobile-equal-layout has-vertical-center ticss-c00aadba animated backInUp has-light-bg\"><div class=\"wp-block-themeisle-blocks-advanced-columns-overlay\"><\/div><div class=\"innerblocks-wrap\">\n<div id=\"wp-block-themeisle-blocks-advanced-column-bbd8db2b\" class=\"wp-block-themeisle-blocks-advanced-column\">\n<div id=\"wp-block-themeisle-blocks-advanced-columns-8a6512ea\" class=\"wp-block-themeisle-blocks-advanced-columns has-1-columns has-desktop-equal-layout has-tablet-equal-layout has-mobile-equal-layout has-vertical-center\"><div class=\"wp-block-themeisle-blocks-advanced-columns-overlay\"><\/div><div class=\"innerblocks-wrap\">\n<div id=\"wp-block-themeisle-blocks-advanced-column-e8b18065\" class=\"wp-block-themeisle-blocks-advanced-column\">\n<h2 id=\"wp-block-themeisle-blocks-advanced-heading-6673e52f\" class=\"wp-block-themeisle-blocks-advanced-heading wp-block-themeisle-blocks-advanced-heading-6673e52f animated backInLeft\"><strong>M\u00e1quinas autoaprendizaje<\/strong> <strong>y Rob\u00f3tica<\/strong><\/h2>\n\n\n\n<p class=\"has-text-align-center animated backInRight\" style=\"font-size:24px\">Los beneficios de la recalcadora<\/p>\n<\/div>\n<\/div><\/div>\n\n\n\n<div id=\"wp-block-themeisle-blocks-advanced-columns-7f744968\" class=\"wp-block-themeisle-blocks-advanced-columns has-3-columns has-desktop-equal-layout has-tablet-equal-layout has-mobile-collapsedRows-layout has-vertical-top\"><div class=\"wp-block-themeisle-blocks-advanced-columns-overlay\"><\/div><div class=\"innerblocks-wrap\">\n<div id=\"wp-block-themeisle-blocks-advanced-column-1430d2f1\" class=\"wp-block-themeisle-blocks-advanced-column\">\n<div style=\"height:100px\" aria-hidden=\"true\" class=\"wp-block-spacer\"><\/div>\n\n\n\n<div id=\"wp-block-themeisle-blocks-flip-123c6ebb\" class=\"wp-block-themeisle-blocks-flip anim flipX animated backInLeft ticss-4584928c has-light-back-bg\"><div class=\"o-flip-inner\"><div class=\"o-flip-front\"><div class=\"o-flip-content\"><h3>Applicaciones<\/h3><p>Recalcadora el\u00e9ctrica<\/p><\/div><\/div><div class=\"o-flip-back\">\n<h3 class=\"wp-block-heading has-nv-site-bg-color has-text-color\" style=\"font-size:28px;font-style:normal;font-weight:700\">APPLICACIONES<\/h3>\n\n\n\n<p>Con el procedimiento de recalcado electr\u00f3nico se tiene la posibilidad de reducir al m\u00ednimo la mazarota de elaboraci\u00f3n obeniendo superficies lisas que permiten, en algunos casos, de eliminar las elaboraciones sucesivas.<\/p>\n\n\n\n<div class=\"wp-block-buttons is-content-justification-left is-layout-flex wp-container-core-buttons-is-layout-76ea2f42 wp-block-buttons-is-layout-flex\">\n<div class=\"wp-block-button has-custom-width wp-block-button__width-100 is-style-secondary\"><a class=\"wp-block-button__link wp-element-button\" href=\"\/es\/aplicaciones\/\">DESCRUBE M\u00c0S<\/a><\/div>\n<\/div>\n<\/div><\/div><\/div>\n<\/div>\n\n\n\n<div id=\"wp-block-themeisle-blocks-advanced-column-4b138e01\" class=\"wp-block-themeisle-blocks-advanced-column\">\n<div id=\"wp-block-themeisle-blocks-flip-2c636530\" class=\"wp-block-themeisle-blocks-flip anim flipX animated backInDown has-dark-back-bg\"><div class=\"o-flip-inner\"><div class=\"o-flip-front\"><div class=\"o-flip-content\"><h3>Productos<\/h3><p>Forja en caliente<\/p><\/div><\/div><div class=\"o-flip-back\">\n<h3 class=\"wp-block-heading\" style=\"font-size:28px;font-style:normal;font-weight:700\"><strong>PRODUCTOS<\/strong><\/h3>\n\n\n\n<p>La recalcadora el\u00e9ctrica, ha tomado un rol cada vez m\u00e1s importante en el campo de la forja en caliente. Much\u00edsimos a\u00f1os de experiencia en proyectar y construir, han hecho que en la ELMAFORGE se construyan m\u00e1quinas que trabajen con una tal precisi\u00f3n, de ofrecer al usuario la oportunidad de resolver todos los problemas, a\u00fan los m\u00e1s exigentes, debidos a la moderna tecnolog\u00eda, los elevados costos de las materias primas, de la energ\u00eda el\u00e9ctrica, de la mano de obra y a la b\u00fasqueda de las mejores condiciones de trabajo en el ambiente en el cual se trabaja.<\/p>\n\n\n\n<div class=\"wp-block-buttons is-layout-flex wp-block-buttons-is-layout-flex\">\n<div class=\"wp-block-button has-custom-width wp-block-button__width-100 is-style-primary\"><a class=\"wp-block-button__link wp-element-button\" href=\"\/es\/productos\/\">DESCRUBE M\u00c0S<\/a><\/div>\n<\/div>\n<\/div><\/div><\/div>\n<\/div>\n\n\n\n<div id=\"wp-block-themeisle-blocks-advanced-column-eefc33b9\" class=\"wp-block-themeisle-blocks-advanced-column\">\n<div style=\"height:100px\" aria-hidden=\"true\" class=\"wp-block-spacer\"><\/div>\n\n\n\n<div id=\"wp-block-themeisle-blocks-flip-6323a328\" class=\"wp-block-themeisle-blocks-flip anim flipX animated backInRight has-light-back-bg\"><div class=\"o-flip-inner\"><div class=\"o-flip-front\"><div class=\"o-flip-content\"><h3>Rob\u00f3tica<\/h3><p>Integradores<\/p><\/div><\/div><div class=\"o-flip-back\">\n<h3 class=\"wp-block-heading has-nv-site-bg-color has-text-color\" style=\"font-size:28px;font-style:normal;font-weight:700\">ROB\u00d3TICA<\/h3>\n\n\n\n<p>Somos integradores oficiales de los siguientes productores de robots: <strong>COMAU ROBOTICS, KUKA<\/strong>.<\/p>\n\n\n\n<div class=\"wp-block-buttons is-layout-flex wp-block-buttons-is-layout-flex\">\n<div class=\"wp-block-button has-custom-width wp-block-button__width-100 is-style-secondary\"><a class=\"wp-block-button__link wp-element-button\" href=\"\/es\/robotica\/\">DESCRUBE M\u00c0S<\/a><\/div>\n<\/div>\n<\/div><\/div><\/div>\n<\/div>\n<\/div><\/div>\n<\/div>\n<\/div><\/div>\n\n\n\n<div id=\"wp-block-themeisle-blocks-advanced-columns-6e65acfb\" class=\"nv-cv-m wp-block-themeisle-blocks-advanced-columns alignfull has-3-columns has-desktop-equal-layout has-tablet-equal-layout has-mobile-collapsedRows-layout has-vertical-top ticss-c00aadba\"><div class=\"wp-block-themeisle-blocks-advanced-columns-overlay\"><\/div><div class=\"innerblocks-wrap\">\n<div id=\"wp-block-themeisle-blocks-advanced-column-f4333eeb\" class=\"wp-block-themeisle-blocks-advanced-column animated backInUp\">\n<p id=\"wp-block-themeisle-blocks-advanced-heading-91baffe5\" class=\"wp-block-themeisle-blocks-advanced-heading wp-block-themeisle-blocks-advanced-heading-91baffe5\"><strong>PRODUCIMOS<\/strong><\/p>\n\n\n\n<h4 id=\"wp-block-themeisle-blocks-advanced-heading-360f5b02\" class=\"wp-block-themeisle-blocks-advanced-heading wp-block-themeisle-blocks-advanced-heading-360f5b02\"><strong>V\u00e1lvulas para Motores, Cuchillos &amp; Cubiertos<\/strong><\/h4>\n\n\n\n<p>M\u00e1quinas e instalaciones autom\u00e1ticas robotizadas para la producci\u00f3n de v\u00e1lvulas para motores para la industria automobil\u00edstica y naval. Desde el 1987 producimos una serie de m\u00e1quinas y equipos dedicados a las industrias productoras de cuchillos y cubiertos.<\/p>\n<\/div>\n\n\n\n<div id=\"wp-block-themeisle-blocks-advanced-column-78ae8ec1\" class=\"wp-block-themeisle-blocks-advanced-column animated backInLeft\">\n<div id=\"wp-block-themeisle-blocks-flip-aa7829dd\" class=\"wp-block-themeisle-blocks-flip anim flipY animated backInRight\"><div class=\"o-flip-inner\"><div class=\"o-flip-front\"><div class=\"o-flip-content\"><h3><\/h3><p><\/p><\/div><\/div><div class=\"o-flip-back\">\n<h3 class=\"wp-block-heading has-nv-site-bg-color has-text-color\" style=\"font-size:28px;font-style:normal;font-weight:800\"><strong>V\u00e1lvulas para Motores<\/strong><\/h3>\n\n\n\n<p><\/p>\n\n\n\n<div class=\"wp-block-buttons is-content-justification-center is-layout-flex wp-container-core-buttons-is-layout-16018d1d wp-block-buttons-is-layout-flex\">\n<div class=\"wp-block-button is-style-fill is-style-secondary\"><a class=\"wp-block-button__link wp-element-button\" href=\"\/es\/valvulas-para-motores\/\">DESCRUBE M\u00c0S<\/a><\/div>\n<\/div>\n<\/div><\/div><\/div>\n<\/div>\n\n\n\n<div id=\"wp-block-themeisle-blocks-advanced-column-81e97556\" class=\"wp-block-themeisle-blocks-advanced-column animated backInLeft\">\n<div id=\"wp-block-themeisle-blocks-flip-24053889\" class=\"wp-block-themeisle-blocks-flip anim flipY\"><div class=\"o-flip-inner\"><div class=\"o-flip-front\"><div class=\"o-flip-content\"><h3><\/h3><p><\/p><\/div><\/div><div class=\"o-flip-back\">\n<h3 class=\"wp-block-heading has-nv-site-bg-color has-text-color\" style=\"font-size:28px;font-style:normal;font-weight:700\">Cuchillos &amp; Cubiertos<\/h3>\n\n\n\n<p><\/p>\n\n\n\n<div class=\"wp-block-buttons is-content-justification-center is-layout-flex wp-container-core-buttons-is-layout-16018d1d wp-block-buttons-is-layout-flex\">\n<div class=\"wp-block-button is-style-fill is-style-secondary\"><a class=\"wp-block-button__link wp-element-button\" href=\"\/es\/cuchillos-cubiertos\/\">DESCRUBE M\u00c0S<\/a><\/div>\n<\/div>\n<\/div><\/div><\/div>\n<\/div>\n<\/div><\/div>\n","protected":false},"excerpt":{"rendered":"","protected":false},"author":3,"featured_media":0,"parent":0,"menu_order":0,"comment_status":"closed","ping_status":"closed","template":"","meta":{"neve_meta_sidebar":"","neve_meta_container":"full-width","neve_meta_enable_content_width":"","neve_meta_content_width":0,"neve_meta_title_alignment":"","neve_meta_author_avatar":"","neve_post_elements_order":"","neve_meta_disable_header":"","neve_meta_disable_footer":"","neve_meta_disable_title":"on","neve_meta_reading_time":"","ngg_post_thumbnail":0,"_themeisle_gutenberg_block_has_review":false,"footnotes":""},"class_list":["post-1567","page","type-page","status-publish","hentry"],"_links":{"self":[{"href":"https:\/\/www.elmaforge.com\/es\/wp-json\/wp\/v2\/pages\/1567","targetHints":{"allow":["GET"]}}],"collection":[{"href":"https:\/\/www.elmaforge.com\/es\/wp-json\/wp\/v2\/pages"}],"about":[{"href":"https:\/\/www.elmaforge.com\/es\/wp-json\/wp\/v2\/types\/page"}],"author":[{"embeddable":true,"href":"https:\/\/www.elmaforge.com\/es\/wp-json\/wp\/v2\/users\/3"}],"replies":[{"embeddable":true,"href":"https:\/\/www.elmaforge.com\/es\/wp-json\/wp\/v2\/comments?post=1567"}],"version-history":[{"count":0,"href":"https:\/\/www.elmaforge.com\/es\/wp-json\/wp\/v2\/pages\/1567\/revisions"}],"wp:attachment":[{"href":"https:\/\/www.elmaforge.com\/es\/wp-json\/wp\/v2\/media?parent=1567"}],"curies":[{"name":"wp","href":"https:\/\/api.w.org\/{rel}","templated":true}]}}