{"id":1718,"date":"2023-06-09T12:46:14","date_gmt":"2023-06-09T10:46:14","guid":{"rendered":"https:\/\/www.elmaforge.com\/?page_id=1718"},"modified":"2023-06-29T16:35:55","modified_gmt":"2023-06-29T14:35:55","slug":"quienes-somos","status":"publish","type":"page","link":"https:\/\/www.elmaforge.com\/es\/quienes-somos\/","title":{"rendered":"Qui\u00e9nes Somos"},"content":{"rendered":"\n<p class=\"has-drop-cap animated backInLeft\">Nuestra producci\u00f3n inicia en el 1978 con la marca OFMA, desde entonces, gracias a un constante compromiso en la investigaci\u00f3n de servicio y fiabilidad cada vez mejores, la ELMAFORGE se volvi\u00f3 un punto de referencia internacional. Hoy exportamos en 4 continentes y 18 pa\u00edses en el mundo, para el proyecto y construcci\u00f3n de m\u00e1quinas recalcadoras el\u00e9ctricas.<\/p>\n\n\n\n<div id=\"wp-block-themeisle-blocks-advanced-columns-f9f2aabf\" class=\"wp-block-themeisle-blocks-advanced-columns has-3-columns has-desktop-equal-layout has-tablet-equal-layout has-mobile-collapsedRows-layout has-vertical-unset\"><div class=\"wp-block-themeisle-blocks-advanced-columns-overlay\"><\/div><div class=\"innerblocks-wrap\">\n<div id=\"wp-block-themeisle-blocks-advanced-column-729ab7e4\" class=\"wp-block-themeisle-blocks-advanced-column\">\n<div id=\"wp-block-themeisle-blocks-font-awesome-icons-3e1dbadd\" class=\"wp-block-themeisle-blocks-font-awesome-icons animated backInRight\"><span class=\"wp-block-themeisle-blocks-font-awesome-icons-container\"><i class=\"fas fa-magic\"><\/i><\/span><\/div>\n\n\n\n<h4 id=\"wp-block-themeisle-blocks-advanced-heading-effa5dea\" class=\"wp-block-themeisle-blocks-advanced-heading wp-block-themeisle-blocks-advanced-heading-effa5dea\">Atenci\u00f3n a los detalles<\/h4>\n<\/div>\n\n\n\n<div id=\"wp-block-themeisle-blocks-advanced-column-b27cf39f\" class=\"wp-block-themeisle-blocks-advanced-column\">\n<div id=\"wp-block-themeisle-blocks-font-awesome-icons-7da487f9\" class=\"wp-block-themeisle-blocks-font-awesome-icons animated backInUp\"><span class=\"wp-block-themeisle-blocks-font-awesome-icons-container\"><i class=\"fas fa-tasks\"><\/i><\/span><\/div>\n\n\n\n<h4 id=\"wp-block-themeisle-blocks-advanced-heading-adc3308d\" class=\"wp-block-themeisle-blocks-advanced-heading wp-block-themeisle-blocks-advanced-heading-adc3308d\">Controles meticulosos<\/h4>\n<\/div>\n\n\n\n<div id=\"wp-block-themeisle-blocks-advanced-column-788359d0\" class=\"wp-block-themeisle-blocks-advanced-column\">\n<div id=\"wp-block-themeisle-blocks-font-awesome-icons-783b11bc\" class=\"wp-block-themeisle-blocks-font-awesome-icons animated backInLeft\"><span class=\"wp-block-themeisle-blocks-font-awesome-icons-container\"><i class=\"fas fa-project-diagram\"><\/i><\/span><\/div>\n\n\n\n<h4 id=\"wp-block-themeisle-blocks-advanced-heading-f4eee59f\" class=\"wp-block-themeisle-blocks-advanced-heading wp-block-themeisle-blocks-advanced-heading-f4eee59f animated backInDown\">Elaboraci\u00f3n y montaje<\/h4>\n<\/div>\n<\/div><\/div>\n\n\n\n<p class=\"animated backInRight\">El cuidado en el detalle, los controles meticulosos durante las fases de elaboraci\u00f3n y montaje y el hecho de desarrollar y proyectar al 100% internamente todas nuestras m\u00e1quinas usando los instrumentos m\u00e1s modernos disponibles en el mercado, garantizan a\u00fan m\u00e1s los resultados obtenidos, aumentando el grado de satisfacci\u00f3n de nuestros clientes.<\/p>\n\n\n\n<div id=\"wp-block-themeisle-blocks-advanced-columns-24e84cb3\" class=\"wp-block-themeisle-blocks-advanced-columns has-3-columns has-desktop-equal-layout has-tablet-equal-layout has-mobile-collapsedRows-layout has-vertical-unset\"><div class=\"wp-block-themeisle-blocks-advanced-columns-overlay\"><\/div><div class=\"innerblocks-wrap\">\n<div id=\"wp-block-themeisle-blocks-advanced-column-0d95e7d9\" class=\"wp-block-themeisle-blocks-advanced-column\">\n<div id=\"wp-block-themeisle-blocks-font-awesome-icons-7510e402\" class=\"wp-block-themeisle-blocks-font-awesome-icons animated backInRight\"><span class=\"wp-block-themeisle-blocks-font-awesome-icons-container\"><i class=\"fas fa-phone-alt\"><\/i><\/span><\/div>\n\n\n\n<h4 id=\"wp-block-themeisle-blocks-advanced-heading-8f94c237\" class=\"wp-block-themeisle-blocks-advanced-heading wp-block-themeisle-blocks-advanced-heading-8f94c237\">Cont\u00e1ctanos<\/h4>\n\n\n\n<p class=\"has-text-align-center animated backInRight\">+39 011 9623862<\/p>\n<\/div>\n\n\n\n<div id=\"wp-block-themeisle-blocks-advanced-column-bc3d79b1\" class=\"wp-block-themeisle-blocks-advanced-column\">\n<div id=\"wp-block-themeisle-blocks-font-awesome-icons-5bb2983e\" class=\"wp-block-themeisle-blocks-font-awesome-icons animated backInUp\"><span class=\"wp-block-themeisle-blocks-font-awesome-icons-container\"><i class=\"fas fa-mail-bulk\"><\/i><\/span><\/div>\n\n\n\n<h4 id=\"wp-block-themeisle-blocks-advanced-heading-443c51fa\" class=\"wp-block-themeisle-blocks-advanced-heading wp-block-themeisle-blocks-advanced-heading-443c51fa\"><strong><o-anim-typing>Correo electr\u00f3nico<\/o-anim-typing><\/strong><\/h4>\n\n\n\n<p class=\"has-text-align-center animated backInUp\"><strong><a href=\"mailto:customer@elmaforge.com\" target=\"_blank\" rel=\"noreferrer noopener\">customer@elmaforge.com<\/a><\/strong><\/p>\n<\/div>\n\n\n\n<div id=\"wp-block-themeisle-blocks-advanced-column-07e972e8\" class=\"wp-block-themeisle-blocks-advanced-column\">\n<div id=\"wp-block-themeisle-blocks-font-awesome-icons-14f6508f\" class=\"wp-block-themeisle-blocks-font-awesome-icons animated backInLeft\"><span class=\"wp-block-themeisle-blocks-font-awesome-icons-container\"><i class=\"fas fa-map-marker-alt\"><\/i><\/span><\/div>\n\n\n\n<h4 id=\"wp-block-themeisle-blocks-advanced-heading-6fd7e6c9\" class=\"wp-block-themeisle-blocks-advanced-heading wp-block-themeisle-blocks-advanced-heading-6fd7e6c9 animated backInDown\"><strong><o-anim-typing>Direcci\u00f3n<\/o-anim-typing><\/strong><\/h4>\n\n\n\n<p class=\"has-text-align-center animated backInLeft\">Via OITANA n. 2\/6 \u2013 10048 VINOVO (TORINO)<\/p>\n<\/div>\n<\/div><\/div>\n","protected":false},"excerpt":{"rendered":"<p>Nuestra producci\u00f3n inicia en el 1978 con la marca OFMA, desde entonces, gracias a un constante compromiso en la investigaci\u00f3n de servicio y fiabilidad cada vez mejores, la ELMAFORGE se volvi\u00f3 un punto de referencia internacional. Hoy exportamos en 4 continentes y 18 pa\u00edses en el mundo, para el proyecto y construcci\u00f3n de m\u00e1quinas recalcadoras&hellip;&nbsp;<\/p>\n<div class=\"read-more-wrapper\"><a href=\"https:\/\/www.elmaforge.com\/es\/quienes-somos\/\" class=\"button button-secondary\" rel=\"bookmark\">Read More &raquo;<span class=\"screen-reader-text\">Qui\u00e9nes Somos<\/span><\/a><\/div>\n","protected":false},"author":3,"featured_media":1779,"parent":0,"menu_order":0,"comment_status":"closed","ping_status":"closed","template":"","meta":{"neve_meta_sidebar":"","neve_meta_container":"","neve_meta_enable_content_width":"","neve_meta_content_width":0,"neve_meta_title_alignment":"","neve_meta_author_avatar":"","neve_post_elements_order":"","neve_meta_disable_header":"","neve_meta_disable_footer":"","neve_meta_disable_title":"","neve_meta_reading_time":"","ngg_post_thumbnail":0,"_themeisle_gutenberg_block_has_review":false,"footnotes":""},"class_list":["post-1718","page","type-page","status-publish","has-post-thumbnail","hentry"],"_links":{"self":[{"href":"https:\/\/www.elmaforge.com\/es\/wp-json\/wp\/v2\/pages\/1718","targetHints":{"allow":["GET"]}}],"collection":[{"href":"https:\/\/www.elmaforge.com\/es\/wp-json\/wp\/v2\/pages"}],"about":[{"href":"https:\/\/www.elmaforge.com\/es\/wp-json\/wp\/v2\/types\/page"}],"author":[{"embeddable":true,"href":"https:\/\/www.elmaforge.com\/es\/wp-json\/wp\/v2\/users\/3"}],"replies":[{"embeddable":true,"href":"https:\/\/www.elmaforge.com\/es\/wp-json\/wp\/v2\/comments?post=1718"}],"version-history":[{"count":0,"href":"https:\/\/www.elmaforge.com\/es\/wp-json\/wp\/v2\/pages\/1718\/revisions"}],"wp:featuredmedia":[{"embeddable":true,"href":"https:\/\/www.elmaforge.com\/es\/wp-json\/wp\/v2\/media\/1779"}],"wp:attachment":[{"href":"https:\/\/www.elmaforge.com\/es\/wp-json\/wp\/v2\/media?parent=1718"}],"curies":[{"name":"wp","href":"https:\/\/api.w.org\/{rel}","templated":true}]}}